{"id":2025,"date":"2024-03-06T22:36:51","date_gmt":"2024-03-06T22:36:51","guid":{"rendered":"https:\/\/als-ela-das-all-eroberte.de\/?page_id=2025"},"modified":"2024-05-24T09:14:17","modified_gmt":"2024-05-24T09:14:17","slug":"geschenke","status":"publish","type":"page","link":"https:\/\/als-ela-das-all-eroberte.de\/index.php\/geschenke\/","title":{"rendered":"Geschenke"},"content":{"rendered":"\n<p>Wir wollen all unseren Leser*innen gern ein paar kleine Goodies schenken. Auf unseren Live-Lesungen geht das nur vor Ort f\u00fcr die Anwesenden, aber hier \u2013 Online \u2013 geht das f\u00fcr alle. <br><br>Viel Freude mit unseren kleinen \u00dcberraschungen!<\/p>\n\n\n\n<div style=\"height:100px\" aria-hidden=\"true\" class=\"wp-block-spacer\"><\/div>\n\n\n\n<h2 class=\"wp-block-heading\" id=\"h-das-ela-ausmalbild\">Das Ela-Ausmalbild<\/h2>\n\n\n\n<p><em>(Klick auf das Bild zum Download der pdf)<\/em><\/p>\n\n\n\n<figure class=\"wp-block-image size-full is-resized\"><a href=\"https:\/\/als-ela-das-all-eroberte.de\/wp-content\/uploads\/2024\/03\/Ausmalbild_AlsElaDasAllEroberte.pdf\" target=\"_blank\" rel=\"noreferrer noopener\"><img loading=\"lazy\" decoding=\"async\" width=\"2560\" height=\"1810\" src=\"https:\/\/als-ela-das-all-eroberte.de\/wp-content\/uploads\/2024\/03\/Malbild_Ela-scaled.jpg\" alt=\"Ausmalbild Als Ela das All eroberte. Kinder sitzen in bequemen Sesseln im Kuppelsaal des Planetariums und schauen nach oben. Das Licht ist gedimmt. Der Vordergrund zeigt Ela und Ben, die in Gedanken durchs All fliegen. Die Planeten Venus, Mars, , Jupiter, Merkur und Erde sind abgebildet. Ela schwebt mit ihrem Rollstuhl zwischen den Planeten und deutet auf etwas au\u00dferhalb des Bildes. Sie tr\u00e4gt einen Raumanzug und h\u00e4lt Bens Hand. Ben steht mit den Beinen im Kuppelsaal des Planetariums. Sein Oberk\u00f6rper schwebt gemeinsam mit Ela durchs All. Er steckt in einem Raumanzug. Bens Beine sind mit einer kurzen Hose bekleidet und an den F\u00fc\u00dfen tr\u00e4gt Ben Sneakers. \" class=\"wp-image-2032\" style=\"width:620px;height:auto\" srcset=\"https:\/\/als-ela-das-all-eroberte.de\/wp-content\/uploads\/2024\/03\/Malbild_Ela-scaled.jpg 2560w, https:\/\/als-ela-das-all-eroberte.de\/wp-content\/uploads\/2024\/03\/Malbild_Ela-300x212.jpg 300w, https:\/\/als-ela-das-all-eroberte.de\/wp-content\/uploads\/2024\/03\/Malbild_Ela-1024x724.jpg 1024w, https:\/\/als-ela-das-all-eroberte.de\/wp-content\/uploads\/2024\/03\/Malbild_Ela-768x543.jpg 768w, https:\/\/als-ela-das-all-eroberte.de\/wp-content\/uploads\/2024\/03\/Malbild_Ela-1536x1086.jpg 1536w, https:\/\/als-ela-das-all-eroberte.de\/wp-content\/uploads\/2024\/03\/Malbild_Ela-2048x1448.jpg 2048w\" sizes=\"auto, (max-width: 2560px) 100vw, 2560px\" \/><\/a><\/figure>\n\n\n\n<div style=\"height:100px\" aria-hidden=\"true\" class=\"wp-block-spacer\"><\/div>\n\n\n\n<h2 class=\"wp-block-heading\" id=\"h-elas-liebstes-lasagne-rezept\">Elas liebstes Lasagne-Rezept<\/h2>\n\n\n\n<p>Habt ihr das Buch schon gelesen? Und: Seid ihr auch solche Lasagne-Fans wie Ela? <a href=\"https:\/\/als-ela-das-all-eroberte.de\/index.php\/2024\/03\/06\/papas-streng-geheimes-lasagne-rezept\/\" target=\"_blank\" rel=\"noreferrer noopener\">Dann klickt hier f\u00fcr das ultimative Ela-Lasagne-Rezept.<\/a><\/p>\n\n\n\n<figure class=\"wp-block-image size-medium\"><a href=\"https:\/\/als-ela-das-all-eroberte.de\/index.php\/2024\/03\/06\/papas-streng-geheimes-lasagne-rezept\/\"><img loading=\"lazy\" decoding=\"async\" width=\"294\" height=\"300\" src=\"https:\/\/als-ela-das-all-eroberte.de\/wp-content\/uploads\/2024\/03\/Ela_PapaLasagne-294x300.png\" alt=\"Elas Vater h\u00e4lt mit Ofenhandschuhen die hei\u00dfe Lasagne in den H\u00e4nden. Er hat eine schwarze eckige Brille, rot-blonde Haare und l\u00e4chelt.\" class=\"wp-image-2039\" srcset=\"https:\/\/als-ela-das-all-eroberte.de\/wp-content\/uploads\/2024\/03\/Ela_PapaLasagne-294x300.png 294w, https:\/\/als-ela-das-all-eroberte.de\/wp-content\/uploads\/2024\/03\/Ela_PapaLasagne-1003x1024.png 1003w, https:\/\/als-ela-das-all-eroberte.de\/wp-content\/uploads\/2024\/03\/Ela_PapaLasagne-768x784.png 768w, https:\/\/als-ela-das-all-eroberte.de\/wp-content\/uploads\/2024\/03\/Ela_PapaLasagne.png 1238w\" sizes=\"auto, (max-width: 294px) 100vw, 294px\" \/><\/a><\/figure>\n\n\n\n<div style=\"height:100px\" aria-hidden=\"true\" class=\"wp-block-spacer\"><\/div>\n\n\n\n<h2 class=\"wp-block-heading\" id=\"h-das-blaubeer-muffin-rezept-von-bens-papa\">Das Blaubeer-Muffin-Rezept von Bens Papa<\/h2>\n\n\n\n<p>Hier findet ihr das galaktisch-gute Blaubeer-Muffin-Rezept von Bens Papa. Es wurde \u00fcbrigens bereits dr\u00fcben auf Instagram nachgebacken von <a href=\"https:\/\/www.instagram.com\/reel\/C35gtXPNpdQ\/\" target=\"_blank\" rel=\"noreferrer noopener\">@zweipapas<\/a>. Schaut euch dort mal das Video an. <a href=\"https:\/\/als-ela-das-all-eroberte.de\/index.php\/2024\/03\/13\/blaubeer-muffins-mit-sternenregen\/\" target=\"_blank\" rel=\"noreferrer noopener\">Zum Rezept geht es hier entlang.<\/a><\/p>\n\n\n\n<figure class=\"wp-block-image size-medium is-resized\"><img loading=\"lazy\" decoding=\"async\" width=\"251\" height=\"300\" src=\"https:\/\/als-ela-das-all-eroberte.de\/wp-content\/uploads\/2024\/03\/Ela_SternbildMuffin-251x300.png\" alt=\"\" class=\"wp-image-2051\" style=\"width:200px\" srcset=\"https:\/\/als-ela-das-all-eroberte.de\/wp-content\/uploads\/2024\/03\/Ela_SternbildMuffin-251x300.png 251w, https:\/\/als-ela-das-all-eroberte.de\/wp-content\/uploads\/2024\/03\/Ela_SternbildMuffin.png 432w\" sizes=\"auto, (max-width: 251px) 100vw, 251px\" \/><\/figure>\n\n\n\n<div style=\"height:100px\" aria-hidden=\"true\" class=\"wp-block-spacer\"><\/div>\n","protected":false},"excerpt":{"rendered":"<p>Wir wollen all unseren Leser*innen gern ein paar kleine Goodies schenken. Auf unseren Live-Lesungen geht das nur vor Ort f\u00fcr die Anwesenden, aber hier \u2013 Online \u2013 geht das f\u00fcr alle. Viel Freude mit unseren kleinen \u00dcberraschungen! Das Ela-Ausmalbild (Klick auf das Bild zum Download der pdf) Elas liebstes Lasagne-Rezept Habt ihr das Buch schon [&hellip;]<\/p>\n","protected":false},"author":1,"featured_media":2029,"parent":0,"menu_order":2,"comment_status":"closed","ping_status":"closed","template":"","meta":{"footnotes":""},"class_list":["post-2025","page","type-page","status-publish","has-post-thumbnail","hentry"],"yoast_head":"<!-- This site is optimized with the Yoast SEO plugin v27.5 - https:\/\/yoast.com\/product\/yoast-seo-wordpress\/ -->\n<title>Geschenke - Als Ela das All eroberte<\/title>\n<meta name=\"robots\" content=\"index, follow, max-snippet:-1, max-image-preview:large, max-video-preview:-1\" \/>\n<link rel=\"canonical\" href=\"https:\/\/als-ela-das-all-eroberte.de\/index.php\/geschenke\/\" \/>\n<meta property=\"og:locale\" content=\"de_DE\" \/>\n<meta property=\"og:type\" content=\"article\" \/>\n<meta property=\"og:title\" content=\"Geschenke - Als Ela das All eroberte\" \/>\n<meta property=\"og:description\" content=\"Wir wollen all unseren Leser*innen gern ein paar kleine Goodies schenken. Auf unseren Live-Lesungen geht das nur vor Ort f\u00fcr die Anwesenden, aber hier \u2013 Online \u2013 geht das f\u00fcr alle. Viel Freude mit unseren kleinen \u00dcberraschungen! Das Ela-Ausmalbild (Klick auf das Bild zum Download der pdf) Elas liebstes Lasagne-Rezept Habt ihr das Buch schon [&hellip;]\" \/>\n<meta property=\"og:url\" content=\"https:\/\/als-ela-das-all-eroberte.de\/index.php\/geschenke\/\" \/>\n<meta property=\"og:site_name\" content=\"Als Ela das All eroberte\" \/>\n<meta property=\"article:modified_time\" content=\"2024-05-24T09:14:17+00:00\" \/>\n<meta property=\"og:image\" content=\"https:\/\/als-ela-das-all-eroberte.de\/wp-content\/uploads\/2024\/03\/Ela_Kap02_Marsroboter-1024x546.png\" \/>\n\t<meta property=\"og:image:width\" content=\"1024\" \/>\n\t<meta property=\"og:image:height\" content=\"546\" \/>\n\t<meta property=\"og:image:type\" content=\"image\/png\" \/>\n<meta name=\"twitter:card\" content=\"summary_large_image\" \/>\n<meta name=\"twitter:label1\" content=\"Gesch\u00e4tzte Lesezeit\" \/>\n\t<meta name=\"twitter:data1\" content=\"2\u00a0Minuten\" \/>\n<script type=\"application\/ld+json\" class=\"yoast-schema-graph\">{\"@context\":\"https:\\\/\\\/schema.org\",\"@graph\":[{\"@type\":\"WebPage\",\"@id\":\"https:\\\/\\\/als-ela-das-all-eroberte.de\\\/index.php\\\/geschenke\\\/\",\"url\":\"https:\\\/\\\/als-ela-das-all-eroberte.de\\\/index.php\\\/geschenke\\\/\",\"name\":\"Geschenke - Als Ela das All eroberte\",\"isPartOf\":{\"@id\":\"https:\\\/\\\/als-ela-das-all-eroberte.de\\\/#website\"},\"primaryImageOfPage\":{\"@id\":\"https:\\\/\\\/als-ela-das-all-eroberte.de\\\/index.php\\\/geschenke\\\/#primaryimage\"},\"image\":{\"@id\":\"https:\\\/\\\/als-ela-das-all-eroberte.de\\\/index.php\\\/geschenke\\\/#primaryimage\"},\"thumbnailUrl\":\"https:\\\/\\\/als-ela-das-all-eroberte.de\\\/wp-content\\\/uploads\\\/2024\\\/03\\\/Ela_Kap02_Marsroboter.png\",\"datePublished\":\"2024-03-06T22:36:51+00:00\",\"dateModified\":\"2024-05-24T09:14:17+00:00\",\"breadcrumb\":{\"@id\":\"https:\\\/\\\/als-ela-das-all-eroberte.de\\\/index.php\\\/geschenke\\\/#breadcrumb\"},\"inLanguage\":\"de\",\"potentialAction\":[{\"@type\":\"ReadAction\",\"target\":[\"https:\\\/\\\/als-ela-das-all-eroberte.de\\\/index.php\\\/geschenke\\\/\"]}]},{\"@type\":\"ImageObject\",\"inLanguage\":\"de\",\"@id\":\"https:\\\/\\\/als-ela-das-all-eroberte.de\\\/index.php\\\/geschenke\\\/#primaryimage\",\"url\":\"https:\\\/\\\/als-ela-das-all-eroberte.de\\\/wp-content\\\/uploads\\\/2024\\\/03\\\/Ela_Kap02_Marsroboter.png\",\"contentUrl\":\"https:\\\/\\\/als-ela-das-all-eroberte.de\\\/wp-content\\\/uploads\\\/2024\\\/03\\\/Ela_Kap02_Marsroboter.png\",\"width\":3000,\"height\":1601},{\"@type\":\"BreadcrumbList\",\"@id\":\"https:\\\/\\\/als-ela-das-all-eroberte.de\\\/index.php\\\/geschenke\\\/#breadcrumb\",\"itemListElement\":[{\"@type\":\"ListItem\",\"position\":1,\"name\":\"Home\",\"item\":\"https:\\\/\\\/als-ela-das-all-eroberte.de\\\/\"},{\"@type\":\"ListItem\",\"position\":2,\"name\":\"Geschenke\"}]},{\"@type\":\"WebSite\",\"@id\":\"https:\\\/\\\/als-ela-das-all-eroberte.de\\\/#website\",\"url\":\"https:\\\/\\\/als-ela-das-all-eroberte.de\\\/\",\"name\":\"Als Ela das All eroberte\",\"description\":\"Ela hat einen Traum!\",\"publisher\":{\"@id\":\"https:\\\/\\\/als-ela-das-all-eroberte.de\\\/#organization\"},\"potentialAction\":[{\"@type\":\"SearchAction\",\"target\":{\"@type\":\"EntryPoint\",\"urlTemplate\":\"https:\\\/\\\/als-ela-das-all-eroberte.de\\\/?s={search_term_string}\"},\"query-input\":{\"@type\":\"PropertyValueSpecification\",\"valueRequired\":true,\"valueName\":\"search_term_string\"}}],\"inLanguage\":\"de\"},{\"@type\":\"Organization\",\"@id\":\"https:\\\/\\\/als-ela-das-all-eroberte.de\\\/#organization\",\"name\":\"Als Ela das All eroberte\",\"url\":\"https:\\\/\\\/als-ela-das-all-eroberte.de\\\/\",\"logo\":{\"@type\":\"ImageObject\",\"inLanguage\":\"de\",\"@id\":\"https:\\\/\\\/als-ela-das-all-eroberte.de\\\/#\\\/schema\\\/logo\\\/image\\\/\",\"url\":\"https:\\\/\\\/als-ela-das-all-eroberte.de\\\/wp-content\\\/uploads\\\/2023\\\/12\\\/AD_9783551522467_Ela_Cover_1312-1.jpg\",\"contentUrl\":\"https:\\\/\\\/als-ela-das-all-eroberte.de\\\/wp-content\\\/uploads\\\/2023\\\/12\\\/AD_9783551522467_Ela_Cover_1312-1.jpg\",\"width\":629,\"height\":838,\"caption\":\"Als Ela das All eroberte\"},\"image\":{\"@id\":\"https:\\\/\\\/als-ela-das-all-eroberte.de\\\/#\\\/schema\\\/logo\\\/image\\\/\"}}]}<\/script>\n<!-- \/ Yoast SEO plugin. -->","yoast_head_json":{"title":"Geschenke - Als Ela das All eroberte","robots":{"index":"index","follow":"follow","max-snippet":"max-snippet:-1","max-image-preview":"max-image-preview:large","max-video-preview":"max-video-preview:-1"},"canonical":"https:\/\/als-ela-das-all-eroberte.de\/index.php\/geschenke\/","og_locale":"de_DE","og_type":"article","og_title":"Geschenke - Als Ela das All eroberte","og_description":"Wir wollen all unseren Leser*innen gern ein paar kleine Goodies schenken. Auf unseren Live-Lesungen geht das nur vor Ort f\u00fcr die Anwesenden, aber hier \u2013 Online \u2013 geht das f\u00fcr alle. Viel Freude mit unseren kleinen \u00dcberraschungen! Das Ela-Ausmalbild (Klick auf das Bild zum Download der pdf) Elas liebstes Lasagne-Rezept Habt ihr das Buch schon [&hellip;]","og_url":"https:\/\/als-ela-das-all-eroberte.de\/index.php\/geschenke\/","og_site_name":"Als Ela das All eroberte","article_modified_time":"2024-05-24T09:14:17+00:00","og_image":[{"width":1024,"height":546,"url":"https:\/\/als-ela-das-all-eroberte.de\/wp-content\/uploads\/2024\/03\/Ela_Kap02_Marsroboter-1024x546.png","type":"image\/png"}],"twitter_card":"summary_large_image","twitter_misc":{"Gesch\u00e4tzte Lesezeit":"2\u00a0Minuten"},"schema":{"@context":"https:\/\/schema.org","@graph":[{"@type":"WebPage","@id":"https:\/\/als-ela-das-all-eroberte.de\/index.php\/geschenke\/","url":"https:\/\/als-ela-das-all-eroberte.de\/index.php\/geschenke\/","name":"Geschenke - Als Ela das All eroberte","isPartOf":{"@id":"https:\/\/als-ela-das-all-eroberte.de\/#website"},"primaryImageOfPage":{"@id":"https:\/\/als-ela-das-all-eroberte.de\/index.php\/geschenke\/#primaryimage"},"image":{"@id":"https:\/\/als-ela-das-all-eroberte.de\/index.php\/geschenke\/#primaryimage"},"thumbnailUrl":"https:\/\/als-ela-das-all-eroberte.de\/wp-content\/uploads\/2024\/03\/Ela_Kap02_Marsroboter.png","datePublished":"2024-03-06T22:36:51+00:00","dateModified":"2024-05-24T09:14:17+00:00","breadcrumb":{"@id":"https:\/\/als-ela-das-all-eroberte.de\/index.php\/geschenke\/#breadcrumb"},"inLanguage":"de","potentialAction":[{"@type":"ReadAction","target":["https:\/\/als-ela-das-all-eroberte.de\/index.php\/geschenke\/"]}]},{"@type":"ImageObject","inLanguage":"de","@id":"https:\/\/als-ela-das-all-eroberte.de\/index.php\/geschenke\/#primaryimage","url":"https:\/\/als-ela-das-all-eroberte.de\/wp-content\/uploads\/2024\/03\/Ela_Kap02_Marsroboter.png","contentUrl":"https:\/\/als-ela-das-all-eroberte.de\/wp-content\/uploads\/2024\/03\/Ela_Kap02_Marsroboter.png","width":3000,"height":1601},{"@type":"BreadcrumbList","@id":"https:\/\/als-ela-das-all-eroberte.de\/index.php\/geschenke\/#breadcrumb","itemListElement":[{"@type":"ListItem","position":1,"name":"Home","item":"https:\/\/als-ela-das-all-eroberte.de\/"},{"@type":"ListItem","position":2,"name":"Geschenke"}]},{"@type":"WebSite","@id":"https:\/\/als-ela-das-all-eroberte.de\/#website","url":"https:\/\/als-ela-das-all-eroberte.de\/","name":"Als Ela das All eroberte","description":"Ela hat einen Traum!","publisher":{"@id":"https:\/\/als-ela-das-all-eroberte.de\/#organization"},"potentialAction":[{"@type":"SearchAction","target":{"@type":"EntryPoint","urlTemplate":"https:\/\/als-ela-das-all-eroberte.de\/?s={search_term_string}"},"query-input":{"@type":"PropertyValueSpecification","valueRequired":true,"valueName":"search_term_string"}}],"inLanguage":"de"},{"@type":"Organization","@id":"https:\/\/als-ela-das-all-eroberte.de\/#organization","name":"Als Ela das All eroberte","url":"https:\/\/als-ela-das-all-eroberte.de\/","logo":{"@type":"ImageObject","inLanguage":"de","@id":"https:\/\/als-ela-das-all-eroberte.de\/#\/schema\/logo\/image\/","url":"https:\/\/als-ela-das-all-eroberte.de\/wp-content\/uploads\/2023\/12\/AD_9783551522467_Ela_Cover_1312-1.jpg","contentUrl":"https:\/\/als-ela-das-all-eroberte.de\/wp-content\/uploads\/2023\/12\/AD_9783551522467_Ela_Cover_1312-1.jpg","width":629,"height":838,"caption":"Als Ela das All eroberte"},"image":{"@id":"https:\/\/als-ela-das-all-eroberte.de\/#\/schema\/logo\/image\/"}}]}},"_links":{"self":[{"href":"https:\/\/als-ela-das-all-eroberte.de\/index.php\/wp-json\/wp\/v2\/pages\/2025","targetHints":{"allow":["GET"]}}],"collection":[{"href":"https:\/\/als-ela-das-all-eroberte.de\/index.php\/wp-json\/wp\/v2\/pages"}],"about":[{"href":"https:\/\/als-ela-das-all-eroberte.de\/index.php\/wp-json\/wp\/v2\/types\/page"}],"author":[{"embeddable":true,"href":"https:\/\/als-ela-das-all-eroberte.de\/index.php\/wp-json\/wp\/v2\/users\/1"}],"replies":[{"embeddable":true,"href":"https:\/\/als-ela-das-all-eroberte.de\/index.php\/wp-json\/wp\/v2\/comments?post=2025"}],"version-history":[{"count":14,"href":"https:\/\/als-ela-das-all-eroberte.de\/index.php\/wp-json\/wp\/v2\/pages\/2025\/revisions"}],"predecessor-version":[{"id":2131,"href":"https:\/\/als-ela-das-all-eroberte.de\/index.php\/wp-json\/wp\/v2\/pages\/2025\/revisions\/2131"}],"wp:featuredmedia":[{"embeddable":true,"href":"https:\/\/als-ela-das-all-eroberte.de\/index.php\/wp-json\/wp\/v2\/media\/2029"}],"wp:attachment":[{"href":"https:\/\/als-ela-das-all-eroberte.de\/index.php\/wp-json\/wp\/v2\/media?parent=2025"}],"curies":[{"name":"wp","href":"https:\/\/api.w.org\/{rel}","templated":true}]}}